{"id":2,"date":"2023-09-10T16:34:17","date_gmt":"2023-09-10T19:34:17","guid":{"rendered":"https:\/\/www.piauimidia.com.br\/home\/?page_id=2"},"modified":"2023-09-13T10:41:37","modified_gmt":"2023-09-13T13:41:37","slug":"pagina-exemplo","status":"publish","type":"page","link":"https:\/\/www.piauimidia.com.br\/home\/pagina-exemplo\/","title":{"rendered":"Divers\u00e3o"},"content":{"rendered":"\r\n<p>A Banda Bulldogs Ballad \u2013 Beatles Tribute estar\u00e1 aportando em Teresina no dia 30\/Set para mais um maravilhoso espet\u00e1culo para os f\u00e3s dos meninos de Liverpool. Prepare-se para assistir um show inesquec\u00edvel, preparado com esmero para ir fundo no seu sentimento e acordar aquelas mais doces lembran\u00e7as. Ser\u00e1 um festival de luzes, sons, imagens e surpresas que ficar\u00e3o guardados na sua mem\u00f3ria. Venha cantar e se emocionar ao som da Bulldogs Ballad \u2013 Beatles Tribute.<\/p>\r\n<p>\u00daNICA APRESENTA\u00c7\u00c3O no THEATRO 4 DE SETEMBRO. Corra logo e garanta o seu ingresso com pre\u00e7o promocional de primeiro LOTE. Ingressos \u00e0 venda na plataforma Sympla e nos pontos f\u00edsicos: Banca do Joel \u2013 Pra\u00e7a Pedro II, Loja Dinolandia \u2013 Teresina Shopping e pelo PIX: 86-99989.7130.<\/p>\r\n<p><img loading=\"lazy\" decoding=\"async\" class=\"alignnone size-full wp-image-13\" src=\"https:\/\/www.piauimidia.com.br\/home\/wp-content\/uploads\/2023\/09\/WhatsApp-Image-2023-09-11-at-19.22.23.jpeg\" alt=\"\" width=\"1600\" height=\"1600\" srcset=\"https:\/\/www.piauimidia.com.br\/home\/wp-content\/uploads\/2023\/09\/WhatsApp-Image-2023-09-11-at-19.22.23.jpeg 1600w, https:\/\/www.piauimidia.com.br\/home\/wp-content\/uploads\/2023\/09\/WhatsApp-Image-2023-09-11-at-19.22.23-100x100.jpeg 100w, https:\/\/www.piauimidia.com.br\/home\/wp-content\/uploads\/2023\/09\/WhatsApp-Image-2023-09-11-at-19.22.23-600x600.jpeg 600w, https:\/\/www.piauimidia.com.br\/home\/wp-content\/uploads\/2023\/09\/WhatsApp-Image-2023-09-11-at-19.22.23-300x300.jpeg 300w, https:\/\/www.piauimidia.com.br\/home\/wp-content\/uploads\/2023\/09\/WhatsApp-Image-2023-09-11-at-19.22.23-1024x1024.jpeg 1024w, https:\/\/www.piauimidia.com.br\/home\/wp-content\/uploads\/2023\/09\/WhatsApp-Image-2023-09-11-at-19.22.23-150x150.jpeg 150w, https:\/\/www.piauimidia.com.br\/home\/wp-content\/uploads\/2023\/09\/WhatsApp-Image-2023-09-11-at-19.22.23-768x768.jpeg 768w, https:\/\/www.piauimidia.com.br\/home\/wp-content\/uploads\/2023\/09\/WhatsApp-Image-2023-09-11-at-19.22.23-1536x1536.jpeg 1536w\" sizes=\"auto, (max-width: 1600px) 100vw, 1600px\" \/><\/p>\r\n","protected":false},"excerpt":{"rendered":"<p>A Banda Bulldogs Ballad \u2013 Beatles Tribute estar\u00e1 aportando em Teresina no dia 30\/Set para mais um maravilhoso espet\u00e1culo para os f\u00e3s dos meninos de Liverpool. Prepare-se para assistir um show inesquec\u00edvel, preparado com esmero para ir fundo no seu sentimento e acordar aquelas mais doces lembran\u00e7as. Ser\u00e1 um festival de luzes, sons, imagens e [&hellip;]<\/p>\n","protected":false},"author":1,"featured_media":0,"parent":0,"menu_order":0,"comment_status":"closed","ping_status":"open","template":"","meta":{"footnotes":""},"class_list":["post-2","page","type-page","status-publish","hentry"],"blocksy_meta":[],"_links":{"self":[{"href":"https:\/\/www.piauimidia.com.br\/home\/wp-json\/wp\/v2\/pages\/2","targetHints":{"allow":["GET"]}}],"collection":[{"href":"https:\/\/www.piauimidia.com.br\/home\/wp-json\/wp\/v2\/pages"}],"about":[{"href":"https:\/\/www.piauimidia.com.br\/home\/wp-json\/wp\/v2\/types\/page"}],"author":[{"embeddable":true,"href":"https:\/\/www.piauimidia.com.br\/home\/wp-json\/wp\/v2\/users\/1"}],"replies":[{"embeddable":true,"href":"https:\/\/www.piauimidia.com.br\/home\/wp-json\/wp\/v2\/comments?post=2"}],"version-history":[{"count":2,"href":"https:\/\/www.piauimidia.com.br\/home\/wp-json\/wp\/v2\/pages\/2\/revisions"}],"predecessor-version":[{"id":32,"href":"https:\/\/www.piauimidia.com.br\/home\/wp-json\/wp\/v2\/pages\/2\/revisions\/32"}],"wp:attachment":[{"href":"https:\/\/www.piauimidia.com.br\/home\/wp-json\/wp\/v2\/media?parent=2"}],"curies":[{"name":"wp","href":"https:\/\/api.w.org\/{rel}","templated":true}]}}